{"id":1604,"date":"2025-07-28T14:51:59","date_gmt":"2025-07-28T12:51:59","guid":{"rendered":"https:\/\/infos-promotion.hr\/demo\/?page_id=1604"},"modified":"2025-09-29T09:18:27","modified_gmt":"2025-09-29T07:18:27","slug":"impressum-eco-clean-solutions","status":"publish","type":"page","link":"https:\/\/ecocleansolutions.hr\/de\/impressum-eco-clean-solutions\/","title":{"rendered":"Impressum &#8211; ECO CLEAN SOLUTIONS"},"content":{"rendered":"\t\t<div data-elementor-type=\"wp-page\" data-elementor-id=\"1604\" class=\"elementor elementor-1604\" data-elementor-post-type=\"page\">\n\t\t\t\t<div class=\"elementor-element elementor-element-e26b5d9 e-con-full e-flex e-con e-parent\" data-id=\"e26b5d9\" data-element_type=\"container\" data-settings=\"{&quot;background_background&quot;:&quot;classic&quot;}\">\n\t\t\t\t<div class=\"elementor-element elementor-element-168c5f1 elementor-widget elementor-widget-spacer\" data-id=\"168c5f1\" data-element_type=\"widget\" data-widget_type=\"spacer.default\">\n\t\t\t\t<div class=\"elementor-widget-container\">\n\t\t\t\t\t\t\t<div class=\"elementor-spacer\">\n\t\t\t<div class=\"elementor-spacer-inner\"><\/div>\n\t\t<\/div>\n\t\t\t\t\t\t<\/div>\n\t\t\t\t<\/div>\n\t\t\t\t<\/div>\n\t\t<div class=\"elementor-element elementor-element-4386c61 e-flex e-con-boxed e-con e-parent\" data-id=\"4386c61\" data-element_type=\"container\">\n\t\t\t\t\t<div class=\"e-con-inner\">\n\t\t\t\t<div class=\"elementor-element elementor-element-1c5f1a4 elementor-widget elementor-widget-spacer\" data-id=\"1c5f1a4\" data-element_type=\"widget\" data-widget_type=\"spacer.default\">\n\t\t\t\t<div class=\"elementor-widget-container\">\n\t\t\t\t\t\t\t<div class=\"elementor-spacer\">\n\t\t\t<div class=\"elementor-spacer-inner\"><\/div>\n\t\t<\/div>\n\t\t\t\t\t\t<\/div>\n\t\t\t\t<\/div>\n\t\t\t\t<div class=\"elementor-element elementor-element-7543914 elementor-widget elementor-widget-heading\" data-id=\"7543914\" data-element_type=\"widget\" data-widget_type=\"heading.default\">\n\t\t\t\t<div class=\"elementor-widget-container\">\n\t\t\t\t\t<h2 class=\"elementor-heading-title elementor-size-default\">Impressum<\/h2>\t\t\t\t<\/div>\n\t\t\t\t<\/div>\n\t\t\t\t<div class=\"elementor-element elementor-element-b922667 elementor-widget elementor-widget-spacer\" data-id=\"b922667\" data-element_type=\"widget\" data-widget_type=\"spacer.default\">\n\t\t\t\t<div class=\"elementor-widget-container\">\n\t\t\t\t\t\t\t<div class=\"elementor-spacer\">\n\t\t\t<div class=\"elementor-spacer-inner\"><\/div>\n\t\t<\/div>\n\t\t\t\t\t\t<\/div>\n\t\t\t\t<\/div>\n\t\t\t\t<div class=\"elementor-element elementor-element-eed2bce elementor-widget elementor-widget-text-editor\" data-id=\"eed2bce\" data-element_type=\"widget\" data-widget_type=\"text-editor.default\">\n\t\t\t\t<div class=\"elementor-widget-container\">\n\t\t\t\t\t\t\t\t\t<p class=\"ql-align-center\">ECO CLEAN SOLUTIONS GmbH f\u00fcr Handel und Dienstleistungen<br data-start=\"103\" data-end=\"106\" \/>Polji\u010dka Stra\u00dfe Nr. 39<br data-start=\"132\" data-end=\"135\" data-is-only-node=\"\" \/>21 000 Split, Kroatien<\/p><p><strong>OIB:<\/strong> 92982527711<br \/><strong>MBS:<\/strong> 060497608<br \/><strong>Firmensitz:<\/strong> Split, Croatia<\/p><p><strong>Tel.: <\/strong>+385 (0)99 7474 &#8211; 479<br \/><strong>Mail: <span style=\"color: #95c11f;\"><a style=\"color: #95c11f;\" href=\"mailto:office@ecocleansolutions.hr\" target=\"_blank\" rel=\"noopener\">office@ecocleansolutions.hr<\/a><\/span><\/strong><\/p><p><strong>Eingetragene Marke:<\/strong> Handelsgericht in Split<\/p><p><strong>Gesch\u00e4ftsf\u00fchrer<\/strong><br \/>M. Lange<\/p>\t\t\t\t\t\t\t\t<\/div>\n\t\t\t\t<\/div>\n\t\t\t\t<div class=\"elementor-element elementor-element-e3ac49d elementor-widget elementor-widget-spacer\" data-id=\"e3ac49d\" data-element_type=\"widget\" data-widget_type=\"spacer.default\">\n\t\t\t\t<div class=\"elementor-widget-container\">\n\t\t\t\t\t\t\t<div class=\"elementor-spacer\">\n\t\t\t<div class=\"elementor-spacer-inner\"><\/div>\n\t\t<\/div>\n\t\t\t\t\t\t<\/div>\n\t\t\t\t<\/div>\n\t\t\t\t\t<\/div>\n\t\t\t\t<\/div>\n\t\t<div class=\"elementor-element elementor-element-331be20 e-con-full e-flex e-con e-parent\" data-id=\"331be20\" data-element_type=\"container\" data-settings=\"{&quot;background_background&quot;:&quot;gradient&quot;}\">\n\t\t<div class=\"elementor-element elementor-element-a2ed8d3 e-con-full e-flex e-con e-child\" data-id=\"a2ed8d3\" data-element_type=\"container\" data-settings=\"{&quot;background_background&quot;:&quot;gradient&quot;}\">\n\t\t<div class=\"elementor-element elementor-element-d36c75e e-con-full e-flex e-con e-child\" data-id=\"d36c75e\" data-element_type=\"container\" data-settings=\"{&quot;background_background&quot;:&quot;gradient&quot;}\">\n\t\t<div class=\"elementor-element elementor-element-e612e72 e-flex e-con-boxed e-con e-child\" data-id=\"e612e72\" data-element_type=\"container\">\n\t\t\t\t\t<div class=\"e-con-inner\">\n\t\t\t\t<div class=\"elementor-element elementor-element-de2347d elementor-widget elementor-widget-heading\" data-id=\"de2347d\" data-element_type=\"widget\" data-widget_type=\"heading.default\">\n\t\t\t\t<div class=\"elementor-widget-container\">\n\t\t\t\t\t<h2 class=\"elementor-heading-title elementor-size-default\">Einladung zu einer kostenlosen Kennenlern-Vorf\u00fchrung<\/h2>\t\t\t\t<\/div>\n\t\t\t\t<\/div>\n\t\t\t\t<div class=\"elementor-element elementor-element-bd66c90 elementor-widget elementor-widget-text-editor\" data-id=\"bd66c90\" data-element_type=\"widget\" data-widget_type=\"text-editor.default\">\n\t\t\t\t<div class=\"elementor-widget-container\">\n\t\t\t\t\t\t\t\t\t<p>Vereinbaren Sie jetzt ein kostenfreies und unverbindliches Kennenlern-Gespr\u00e4ch. Wir analysieren Ihre aktuelle Situation und zeigen Ihnen Beispiele und Anwendungsm\u00f6glichkeiten sowie L\u00f6sungen f\u00fcr Ihre speziellen Anforderungen und W\u00fcnsche.\u201c<\/p>\t\t\t\t\t\t\t\t<\/div>\n\t\t\t\t<\/div>\n\t\t\t\t<div class=\"elementor-element elementor-element-4b4c085 elementor-align-center popmake-4220 elementor-widget elementor-widget-button\" data-id=\"4b4c085\" data-element_type=\"widget\" data-widget_type=\"button.default\">\n\t\t\t\t<div class=\"elementor-widget-container\">\n\t\t\t\t\t\t\t\t\t<div class=\"elementor-button-wrapper\">\n\t\t\t\t\t<a class=\"elementor-button elementor-size-sm\" role=\"button\">\n\t\t\t\t\t\t<span class=\"elementor-button-content-wrapper\">\n\t\t\t\t\t\t\t\t\t<span class=\"elementor-button-text\">Jetzt Anfragen<\/span>\n\t\t\t\t\t<\/span>\n\t\t\t\t\t<\/a>\n\t\t\t\t<\/div>\n\t\t\t\t\t\t\t\t<\/div>\n\t\t\t\t<\/div>\n\t\t\t\t\t<\/div>\n\t\t\t\t<\/div>\n\t\t\t\t<\/div>\n\t\t\t\t<\/div>\n\t\t\t\t<\/div>\n\t\t<div class=\"elementor-element elementor-element-ac54ad5 e-con-full e-flex e-con e-parent\" data-id=\"ac54ad5\" data-element_type=\"container\">\n\t\t\t\t<div class=\"elementor-element elementor-element-d38a459 elementor-widget elementor-widget-spacer\" data-id=\"d38a459\" data-element_type=\"widget\" data-widget_type=\"spacer.default\">\n\t\t\t\t<div class=\"elementor-widget-container\">\n\t\t\t\t\t\t\t<div class=\"elementor-spacer\">\n\t\t\t<div class=\"elementor-spacer-inner\"><\/div>\n\t\t<\/div>\n\t\t\t\t\t\t<\/div>\n\t\t\t\t<\/div>\n\t\t\t\t<div class=\"elementor-element elementor-element-e011160 elementor-widget elementor-widget-heading\" data-id=\"e011160\" data-element_type=\"widget\" data-widget_type=\"heading.default\">\n\t\t\t\t<div class=\"elementor-widget-container\">\n\t\t\t\t\t<h2 class=\"elementor-heading-title elementor-size-default\">The green cleaning revolution!<\/h2>\t\t\t\t<\/div>\n\t\t\t\t<\/div>\n\t\t\t\t<div class=\"elementor-element elementor-element-a8b12f5 elementor-widget elementor-widget-spacer\" data-id=\"a8b12f5\" data-element_type=\"widget\" data-widget_type=\"spacer.default\">\n\t\t\t\t<div class=\"elementor-widget-container\">\n\t\t\t\t\t\t\t<div class=\"elementor-spacer\">\n\t\t\t<div class=\"elementor-spacer-inner\"><\/div>\n\t\t<\/div>\n\t\t\t\t\t\t<\/div>\n\t\t\t\t<\/div>\n\t\t\t\t<\/div>\n\t\t\t\t<\/div>\n\t\t","protected":false},"excerpt":{"rendered":"<p>Impressum ECO CLEAN SOLUTIONS GmbH f\u00fcr Handel und DienstleistungenPolji\u010dka Stra\u00dfe Nr. 3921 000 Split, Kroatien OIB: 92982527711MBS: 060497608Firmensitz: Split, Croatia Tel.: +385 (0)99 7474 &#8211; 479Mail: office@ecocleansolutions.hr Eingetragene Marke: Handelsgericht [&hellip;]<\/p>\n","protected":false},"author":1,"featured_media":0,"parent":0,"menu_order":0,"comment_status":"closed","ping_status":"closed","template":"elementor_header_footer","meta":{"footnotes":""},"class_list":["post-1604","page","type-page","status-publish","hentry"],"_links":{"self":[{"href":"https:\/\/ecocleansolutions.hr\/de\/wp-json\/wp\/v2\/pages\/1604","targetHints":{"allow":["GET"]}}],"collection":[{"href":"https:\/\/ecocleansolutions.hr\/de\/wp-json\/wp\/v2\/pages"}],"about":[{"href":"https:\/\/ecocleansolutions.hr\/de\/wp-json\/wp\/v2\/types\/page"}],"author":[{"embeddable":true,"href":"https:\/\/ecocleansolutions.hr\/de\/wp-json\/wp\/v2\/users\/1"}],"replies":[{"embeddable":true,"href":"https:\/\/ecocleansolutions.hr\/de\/wp-json\/wp\/v2\/comments?post=1604"}],"version-history":[{"count":37,"href":"https:\/\/ecocleansolutions.hr\/de\/wp-json\/wp\/v2\/pages\/1604\/revisions"}],"predecessor-version":[{"id":4246,"href":"https:\/\/ecocleansolutions.hr\/de\/wp-json\/wp\/v2\/pages\/1604\/revisions\/4246"}],"wp:attachment":[{"href":"https:\/\/ecocleansolutions.hr\/de\/wp-json\/wp\/v2\/media?parent=1604"}],"curies":[{"name":"wp","href":"https:\/\/api.w.org\/{rel}","templated":true}]}}