{"id":1759,"date":"2025-07-29T14:42:04","date_gmt":"2025-07-29T12:42:04","guid":{"rendered":"https:\/\/infos-promotion.hr\/demo\/?page_id=1759"},"modified":"2025-09-29T09:17:57","modified_gmt":"2025-09-29T07:17:57","slug":"uber-uns-eco-clean-solutions","status":"publish","type":"page","link":"https:\/\/ecocleansolutions.hr\/de\/uber-uns-eco-clean-solutions\/","title":{"rendered":"\u00dcber uns  &#8211; ECO CLEAN SOLUTIONS"},"content":{"rendered":"\t\t<div data-elementor-type=\"wp-page\" data-elementor-id=\"1759\" class=\"elementor elementor-1759\" data-elementor-post-type=\"page\">\n\t\t\t\t<div class=\"elementor-element elementor-element-e26b5d9 e-con-full e-flex e-con e-parent\" data-id=\"e26b5d9\" data-element_type=\"container\">\n\t\t\t\t<div class=\"elementor-element elementor-element-7ba579c elementor-widget elementor-widget-slider_revolution\" data-id=\"7ba579c\" data-element_type=\"widget\" data-widget_type=\"slider_revolution.default\">\n\t\t\t\t<div class=\"elementor-widget-container\">\n\t\t\t\t\t\n\t\t<div class=\"wp-block-themepunch-revslider\">\n\t\t\t\t<p class=\"rs-p-wp-fix\"><\/p>\n\t\t\t\t<sr7-module data-alias=\"slider-1-1\" data-id=\"2\" id=\"SR7_2_1\" class=\"rs-ov-hidden\" data-version=\"6.7.31\">\n\t\t\t\t\t<sr7-adjuster><\/sr7-adjuster>\n\t\t\t\t\t<sr7-content>\n\t\t\t\t\t\t<sr7-slide id=\"SR7_2_1-8\" data-key=\"8\">\n\t\t\t\t\t\t<\/sr7-slide>\n\t\t\t\t\t\t<sr7-slide id=\"SR7_2_1-10\" data-key=\"10\">\n\t\t\t\t\t\t<\/sr7-slide>\n\t\t\t\t\t<\/sr7-content>\n\t\t\t\t<\/sr7-module>\n\t\t\t\t<script>\n\t\t\t\t\tSR7.PMH ??={}; SR7.PMH[\"SR7_2_1\"] = {cn:100,state:false,fn: function() { if (_tpt!==undefined && _tpt.prepareModuleHeight !== undefined) {  _tpt.prepareModuleHeight({id:\"SR7_2_1\",el:[720,720,720,720,550],type:'standard',shdw:'0',gh:[720,720,720,720,550],gw:[1920,1920,1920,1920,480],vpt:['-100px&#039;,&#039;-100px&#039;,&#039;-100px&#039;,&#039;-100px&#039;,&#039;-100px'],size:{fullWidth:false, fullHeight:false},mh:'0',onh:0,onw:0,bg:{color:'{\"orig\":\"transparent\",\"type\":\"solid\",\"string\":\"transparent\"}'},plType:'2',plColor:'#FFFFFF'});   SR7.PMH[\"SR7_2_1\"].state=true;} else if(SR7.PMH[\"SR7_2_1\"].cn-->0)\tsetTimeout( SR7.PMH[\"SR7_2_1\"].fn,19);}};SR7.PMH[\"SR7_2_1\" ].fn();\n\t\t\t\t<\/script>\n<\/div>\n\n\t\t\t\t\t\t<\/div>\n\t\t\t\t<\/div>\n\t\t\t\t<\/div>\n\t\t<div class=\"elementor-element elementor-element-98d9770 e-flex e-con-boxed e-con e-parent\" data-id=\"98d9770\" data-element_type=\"container\" data-settings=\"{&quot;background_background&quot;:&quot;classic&quot;}\">\n\t\t\t\t\t<div class=\"e-con-inner\">\n\t\t\t\t<div class=\"elementor-element elementor-element-31e6e85 elementor-view-default elementor-widget elementor-widget-icon\" data-id=\"31e6e85\" data-element_type=\"widget\" data-widget_type=\"icon.default\">\n\t\t\t\t<div class=\"elementor-widget-container\">\n\t\t\t\t\t\t\t<div class=\"elementor-icon-wrapper\">\n\t\t\t<a class=\"elementor-icon\" href=\"#dole\">\n\t\t\t<svg aria-hidden=\"true\" class=\"e-font-icon-svg e-fas-arrow-alt-circle-down\" viewBox=\"0 0 512 512\" xmlns=\"http:\/\/www.w3.org\/2000\/svg\"><path d=\"M504 256c0 137-111 248-248 248S8 393 8 256 119 8 256 8s248 111 248 248zM212 140v116h-70.9c-10.7 0-16.1 13-8.5 20.5l114.9 114.3c4.7 4.7 12.2 4.7 16.9 0l114.9-114.3c7.6-7.6 2.2-20.5-8.5-20.5H300V140c0-6.6-5.4-12-12-12h-64c-6.6 0-12 5.4-12 12z\"><\/path><\/svg>\t\t\t<\/a>\n\t\t<\/div>\n\t\t\t\t\t\t<\/div>\n\t\t\t\t<\/div>\n\t\t\t\t\t<\/div>\n\t\t\t\t<\/div>\n\t\t<div class=\"elementor-element elementor-element-4386c61 e-flex e-con-boxed e-con e-parent\" data-id=\"4386c61\" data-element_type=\"container\">\n\t\t\t\t\t<div class=\"e-con-inner\">\n\t\t\t\t<div class=\"elementor-element elementor-element-1c5f1a4 elementor-widget elementor-widget-spacer\" data-id=\"1c5f1a4\" data-element_type=\"widget\" data-widget_type=\"spacer.default\">\n\t\t\t\t<div class=\"elementor-widget-container\">\n\t\t\t\t\t\t\t<div class=\"elementor-spacer\">\n\t\t\t<div class=\"elementor-spacer-inner\"><\/div>\n\t\t<\/div>\n\t\t\t\t\t\t<\/div>\n\t\t\t\t<\/div>\n\t\t\t\t<div class=\"elementor-element elementor-element-7543914 elementor-widget elementor-widget-heading\" data-id=\"7543914\" data-element_type=\"widget\" data-widget_type=\"heading.default\">\n\t\t\t\t<div class=\"elementor-widget-container\">\n\t\t\t\t\t<h2 class=\"elementor-heading-title elementor-size-default\">\u00dcber uns <\/h2>\t\t\t\t<\/div>\n\t\t\t\t<\/div>\n\t\t\t\t<div class=\"elementor-element elementor-element-dfca2ae elementor-widget elementor-widget-heading\" data-id=\"dfca2ae\" data-element_type=\"widget\" data-widget_type=\"heading.default\">\n\t\t\t\t<div class=\"elementor-widget-container\">\n\t\t\t\t\t<h2 class=\"elementor-heading-title elementor-size-default\">Erfahren Sie mehr \u00fcber Eco Clean Solutions<\/h2>\t\t\t\t<\/div>\n\t\t\t\t<\/div>\n\t\t\t\t<div class=\"elementor-element elementor-element-b922667 elementor-hidden-tablet elementor-hidden-mobile elementor-widget elementor-widget-spacer\" data-id=\"b922667\" data-element_type=\"widget\" data-widget_type=\"spacer.default\">\n\t\t\t\t<div class=\"elementor-widget-container\">\n\t\t\t\t\t\t\t<div class=\"elementor-spacer\">\n\t\t\t<div class=\"elementor-spacer-inner\"><\/div>\n\t\t<\/div>\n\t\t\t\t\t\t<\/div>\n\t\t\t\t<\/div>\n\t\t\t\t<div class=\"elementor-element elementor-element-eed2bce elementor-widget elementor-widget-text-editor\" data-id=\"eed2bce\" data-element_type=\"widget\" data-widget_type=\"text-editor.default\">\n\t\t\t\t<div class=\"elementor-widget-container\">\n\t\t\t\t\t\t\t\t\t<p>Gemeinsam mit unserem Hersteller-Partner Medicleantec haben wir viele Jahre Erfahrung im Einsatz von Industriedampf und Trockendampfger\u00e4ten f\u00fcr eine hygienische Reinigung in allen Bereichen. Wir beraten Sie gerne und pr\u00e4sentieren f\u00fcr Sie unverbindlich und kostenfrei unser \u201eGreen Cleaning System\u201c auch in Ihrem Betrieb.<\/p><p><strong>Nat\u00fcrliche und nachhaltige Produkte f\u00fcr uns und eine gesunde, saubere Umwelt <br \/><\/strong>Mit all unseren Konzepten und Produkten verfolgen wir zwei klare Ziele: Unsere Umwelt und nat\u00fcrliche Ressourcen zu schonen sowie Ihre Gesundheit und die Ihrer Mitarbeiter, G\u00e4ste und Kunden aktiv zu sch\u00fctzen. In beiden F\u00e4llen hei\u00dft die L\u00f6sung Green Cleaning und ist unsere Mission!<\/p><p><strong>Zeit &amp; Kosten einsparen<br \/><\/strong>Unsere Kunden und auch deren Anwender\/innen profitieren so von einer umwelt- und gesundheitsfreundlichen Sauberkeit, Zeiteinsparung und Arbeitserleichterung. <u>Zus\u00e4tzlich wirken sich die hohen Einsparungen an chemischen Produkten und Wasser auch wirtschaftlich sehr positiv f\u00fcr unsere Kunden aus.<\/u><\/p><p><strong>Erstklassiger Service<br \/><\/strong>Neben den umweltfreundlichen Aspekten und leistungsstarken Produkten bieten wir Ihnen gute Betreuung und Service vor Ort. Denn nur so k\u00f6nnen wir langfristig mit Ihnen unsere Konzepte umsetzen. Und wir k\u00f6nnen uns sicher sein, dass Sie uns auch gerne weiterempfehlen.<\/p>\t\t\t\t\t\t\t\t<\/div>\n\t\t\t\t<\/div>\n\t\t\t\t<div class=\"elementor-element elementor-element-e577a11 elementor-hidden-tablet elementor-hidden-mobile elementor-widget elementor-widget-spacer\" data-id=\"e577a11\" data-element_type=\"widget\" data-widget_type=\"spacer.default\">\n\t\t\t\t<div class=\"elementor-widget-container\">\n\t\t\t\t\t\t\t<div class=\"elementor-spacer\">\n\t\t\t<div class=\"elementor-spacer-inner\"><\/div>\n\t\t<\/div>\n\t\t\t\t\t\t<\/div>\n\t\t\t\t<\/div>\n\t\t\t\t<div class=\"elementor-element elementor-element-07f5db8 elementor-widget elementor-widget-heading\" data-id=\"07f5db8\" data-element_type=\"widget\" data-widget_type=\"heading.default\">\n\t\t\t\t<div class=\"elementor-widget-container\">\n\t\t\t\t\t<h2 class=\"elementor-heading-title elementor-size-default\">Hohe Qualit\u00e4t<\/h2>\t\t\t\t<\/div>\n\t\t\t\t<\/div>\n\t\t\t\t<div class=\"elementor-element elementor-element-8ab5493 elementor-widget elementor-widget-text-editor\" data-id=\"8ab5493\" data-element_type=\"widget\" data-widget_type=\"text-editor.default\">\n\t\t\t\t<div class=\"elementor-widget-container\">\n\t\t\t\t\t\t\t\t\t<p>Wir arbeiten mit einem erfahrenen und leistungsstarken Team von kompetenten Partnern aus den Bereichen Handel, Vertrieb, Reinigung, Desinfektion und Produktion zusammen. Unser Hersteller-Partner Medicleantec entwickelt hochwertige Produkte zur chemiefreien Reinigung und Entkeimung s\u00e4mtlicher Oberfl\u00e4chen und der Luft, die exklusiv in Europa hergestellt werden. Wir bieten unseren Kunden individuelle L\u00f6sungen und Produkte f\u00fcr einen h\u00f6heren Hygienestandard \u2013 ohne R\u00fcckst\u00e4nde und Resistenzbildungen.<\/p>\t\t\t\t\t\t\t\t<\/div>\n\t\t\t\t<\/div>\n\t\t\t\t<div class=\"elementor-element elementor-element-e3ac49d elementor-hidden-tablet elementor-hidden-mobile elementor-widget elementor-widget-spacer\" data-id=\"e3ac49d\" data-element_type=\"widget\" data-widget_type=\"spacer.default\">\n\t\t\t\t<div class=\"elementor-widget-container\">\n\t\t\t\t\t\t\t<div class=\"elementor-spacer\">\n\t\t\t<div class=\"elementor-spacer-inner\"><\/div>\n\t\t<\/div>\n\t\t\t\t\t\t<\/div>\n\t\t\t\t<\/div>\n\t\t\t\t<div class=\"elementor-element elementor-element-cacc183 elementor-widget elementor-widget-heading\" data-id=\"cacc183\" data-element_type=\"widget\" data-widget_type=\"heading.default\">\n\t\t\t\t<div class=\"elementor-widget-container\">\n\t\t\t\t\t<h2 class=\"elementor-heading-title elementor-size-default\">Besserer Umweltschutz<\/h2>\t\t\t\t<\/div>\n\t\t\t\t<\/div>\n\t\t\t\t<div class=\"elementor-element elementor-element-7c07b3e elementor-widget elementor-widget-text-editor\" data-id=\"7c07b3e\" data-element_type=\"widget\" data-widget_type=\"text-editor.default\">\n\t\t\t\t<div class=\"elementor-widget-container\">\n\t\t\t\t\t\t\t\t\t<p>Umweltschutz gewinnt besonders in der heutigen Zeit immer mehr an Bedeutung. Deshalb haben wir auch eine gro\u00dfe Verantwortung gegen\u00fcber unseren Kindern und zuk\u00fcnftigen Generationen. Unser besonderes Anliegen ist es deshalb, Ihnen m\u00f6glichst umweltfreundliche Produkte anzubieten und mitzuhelfen, umweltbelastende Chemie und M\u00fcllberge zu vermeiden.<\/p>\t\t\t\t\t\t\t\t<\/div>\n\t\t\t\t<\/div>\n\t\t\t\t<div class=\"elementor-element elementor-element-b6b9f4a elementor-hidden-tablet elementor-hidden-mobile elementor-widget elementor-widget-spacer\" data-id=\"b6b9f4a\" data-element_type=\"widget\" data-widget_type=\"spacer.default\">\n\t\t\t\t<div class=\"elementor-widget-container\">\n\t\t\t\t\t\t\t<div class=\"elementor-spacer\">\n\t\t\t<div class=\"elementor-spacer-inner\"><\/div>\n\t\t<\/div>\n\t\t\t\t\t\t<\/div>\n\t\t\t\t<\/div>\n\t\t\t\t<div class=\"elementor-element elementor-element-6f4bc49 elementor-widget elementor-widget-heading\" data-id=\"6f4bc49\" data-element_type=\"widget\" data-widget_type=\"heading.default\">\n\t\t\t\t<div class=\"elementor-widget-container\">\n\t\t\t\t\t<h2 class=\"elementor-heading-title elementor-size-default\">Nachhaltige Produkte<\/h2>\t\t\t\t<\/div>\n\t\t\t\t<\/div>\n\t\t\t\t<div class=\"elementor-element elementor-element-fa48d3a elementor-widget elementor-widget-text-editor\" data-id=\"fa48d3a\" data-element_type=\"widget\" data-widget_type=\"text-editor.default\">\n\t\t\t\t<div class=\"elementor-widget-container\">\n\t\t\t\t\t\t\t\t\t<p>Unsere Green Cleaning L\u00f6sungen passen perfekt in jede Nachhaltigkeitsphilosophie von Unternehmen, da g\u00e4nzlich auf chemische Reinigungsmittel verzichtet wird. Ein positiver Zusatzeffekt: Indem keine chemischen Reinigungsmitteln mehr zum Einsatz kommen, wird aktiv die Gesundheit des Reinigungspersonals sowie von Kunden und G\u00e4sten gesch\u00fctzt. Besonders Allergien wird dadurch vorgebeugt bzw. die Situation f\u00fcr Allergiker verbessert.<\/p>\t\t\t\t\t\t\t\t<\/div>\n\t\t\t\t<\/div>\n\t\t\t\t\t<\/div>\n\t\t\t\t<\/div>\n\t\t<div class=\"elementor-element elementor-element-a0909ab e-flex e-con-boxed e-con e-parent\" data-id=\"a0909ab\" data-element_type=\"container\">\n\t\t\t\t\t<div class=\"e-con-inner\">\n\t\t\t\t<div class=\"elementor-element elementor-element-4a97162 elementor-widget elementor-widget-spacer\" data-id=\"4a97162\" data-element_type=\"widget\" data-widget_type=\"spacer.default\">\n\t\t\t\t<div class=\"elementor-widget-container\">\n\t\t\t\t\t\t\t<div class=\"elementor-spacer\">\n\t\t\t<div class=\"elementor-spacer-inner\"><\/div>\n\t\t<\/div>\n\t\t\t\t\t\t<\/div>\n\t\t\t\t<\/div>\n\t\t\t\t\t<\/div>\n\t\t\t\t<\/div>\n\t\t<div class=\"elementor-element elementor-element-cfb571c e-con-full e-flex e-con e-parent\" data-id=\"cfb571c\" data-element_type=\"container\" data-settings=\"{&quot;background_background&quot;:&quot;gradient&quot;}\">\n\t\t<div class=\"elementor-element elementor-element-4c47048 e-flex e-con-boxed e-con e-child\" data-id=\"4c47048\" data-element_type=\"container\">\n\t\t\t\t\t<div class=\"e-con-inner\">\n\t\t\t\t<div class=\"elementor-element elementor-element-ef8ec84 elementor-widget elementor-widget-heading\" data-id=\"ef8ec84\" data-element_type=\"widget\" data-widget_type=\"heading.default\">\n\t\t\t\t<div class=\"elementor-widget-container\">\n\t\t\t\t\t<h2 class=\"elementor-heading-title elementor-size-default\">Einladung zu einer kostenlosen Kennenlern-Vorf\u00fchrung<\/h2>\t\t\t\t<\/div>\n\t\t\t\t<\/div>\n\t\t\t\t<div class=\"elementor-element elementor-element-62c4227 elementor-widget elementor-widget-text-editor\" data-id=\"62c4227\" data-element_type=\"widget\" data-widget_type=\"text-editor.default\">\n\t\t\t\t<div class=\"elementor-widget-container\">\n\t\t\t\t\t\t\t\t\t<p>Vereinbaren Sie jetzt ein kostenfreies und unverbindliches Kennenlern-Gespr\u00e4ch. Wir analysieren Ihre aktuelle Situation und zeigen Ihnen Beispiele und Anwendungsm\u00f6glichkeiten sowie L\u00f6sungen f\u00fcr Ihre speziellen Anforderungen und W\u00fcnsche.\u201c<\/p>\t\t\t\t\t\t\t\t<\/div>\n\t\t\t\t<\/div>\n\t\t\t\t<div class=\"elementor-element elementor-element-b48e67a elementor-align-center popmake-4220 elementor-widget elementor-widget-button\" data-id=\"b48e67a\" data-element_type=\"widget\" data-widget_type=\"button.default\">\n\t\t\t\t<div class=\"elementor-widget-container\">\n\t\t\t\t\t\t\t\t\t<div class=\"elementor-button-wrapper\">\n\t\t\t\t\t<a class=\"elementor-button elementor-size-sm\" role=\"button\">\n\t\t\t\t\t\t<span class=\"elementor-button-content-wrapper\">\n\t\t\t\t\t\t\t\t\t<span class=\"elementor-button-text\">Jetzt Anfragen<\/span>\n\t\t\t\t\t<\/span>\n\t\t\t\t\t<\/a>\n\t\t\t\t<\/div>\n\t\t\t\t\t\t\t\t<\/div>\n\t\t\t\t<\/div>\n\t\t\t\t\t<\/div>\n\t\t\t\t<\/div>\n\t\t\t\t<\/div>\n\t\t<div class=\"elementor-element elementor-element-8004879 e-flex e-con-boxed e-con e-parent\" data-id=\"8004879\" data-element_type=\"container\">\n\t\t\t\t\t<div class=\"e-con-inner\">\n\t\t\t\t<div class=\"elementor-element elementor-element-ccd1c55 elementor-widget elementor-widget-spacer\" data-id=\"ccd1c55\" data-element_type=\"widget\" data-widget_type=\"spacer.default\">\n\t\t\t\t<div class=\"elementor-widget-container\">\n\t\t\t\t\t\t\t<div class=\"elementor-spacer\">\n\t\t\t<div class=\"elementor-spacer-inner\"><\/div>\n\t\t<\/div>\n\t\t\t\t\t\t<\/div>\n\t\t\t\t<\/div>\n\t\t\t\t\t<\/div>\n\t\t\t\t<\/div>\n\t\t\t\t<\/div>\n\t\t","protected":false},"excerpt":{"rendered":"<p>\u00dcber uns Erfahren Sie mehr \u00fcber Eco Clean Solutions Gemeinsam mit unserem Hersteller-Partner Medicleantec haben wir viele Jahre Erfahrung im Einsatz von Industriedampf und Trockendampfger\u00e4ten f\u00fcr eine hygienische Reinigung in [&hellip;]<\/p>\n","protected":false},"author":1,"featured_media":0,"parent":0,"menu_order":0,"comment_status":"closed","ping_status":"closed","template":"elementor_header_footer","meta":{"footnotes":""},"class_list":["post-1759","page","type-page","status-publish","hentry"],"_links":{"self":[{"href":"https:\/\/ecocleansolutions.hr\/de\/wp-json\/wp\/v2\/pages\/1759","targetHints":{"allow":["GET"]}}],"collection":[{"href":"https:\/\/ecocleansolutions.hr\/de\/wp-json\/wp\/v2\/pages"}],"about":[{"href":"https:\/\/ecocleansolutions.hr\/de\/wp-json\/wp\/v2\/types\/page"}],"author":[{"embeddable":true,"href":"https:\/\/ecocleansolutions.hr\/de\/wp-json\/wp\/v2\/users\/1"}],"replies":[{"embeddable":true,"href":"https:\/\/ecocleansolutions.hr\/de\/wp-json\/wp\/v2\/comments?post=1759"}],"version-history":[{"count":115,"href":"https:\/\/ecocleansolutions.hr\/de\/wp-json\/wp\/v2\/pages\/1759\/revisions"}],"predecessor-version":[{"id":4237,"href":"https:\/\/ecocleansolutions.hr\/de\/wp-json\/wp\/v2\/pages\/1759\/revisions\/4237"}],"wp:attachment":[{"href":"https:\/\/ecocleansolutions.hr\/de\/wp-json\/wp\/v2\/media?parent=1759"}],"curies":[{"name":"wp","href":"https:\/\/api.w.org\/{rel}","templated":true}]}}